{"id":4467,"date":"2024-12-12T15:32:26","date_gmt":"2024-12-12T14:32:26","guid":{"rendered":"https:\/\/verescence.preprod8.lonsdale.fr\/?page_id=4467"},"modified":"2025-03-04T18:22:11","modified_gmt":"2025-03-04T17:22:11","slug":"key-account-manager","status":"publish","type":"page","link":"https:\/\/verescence.com\/fr\/key-account-manager\/","title":{"rendered":"Bianca, Responsable Grands Comptes"},"content":{"rendered":"","protected":false},"excerpt":{"rendered":"","protected":false},"author":7,"featured_media":0,"parent":0,"menu_order":0,"comment_status":"closed","ping_status":"closed","template":"","meta":{"_acf_changed":false},"class_list":["post-4467","page","type-page","status-publish","hentry"],"acf":[],"yoast_head":"<!-- This site is optimized with the Yoast SEO plugin v27.2 - https:\/\/yoast.com\/product\/yoast-seo-wordpress\/ -->\n<title>Bianca, Responsable Grands Comptes | Verescence<\/title>\n<meta name=\"description\" content=\"Bianca, Responsable Grands Comptes chez Verescence, g\u00e8re les relations avec les clients de l&#039;industrie parfumerie-cosm\u00e9tique, en apportant des solutions sur mesure pour contribuer \u00e0 leur succ\u00e8s.\" \/>\n<meta name=\"robots\" content=\"index, follow, max-snippet:-1, max-image-preview:large, max-video-preview:-1\" \/>\n<link rel=\"canonical\" href=\"https:\/\/verescence.com\/fr\/key-account-manager\/\" \/>\n<meta property=\"og:locale\" content=\"fr_FR\" \/>\n<meta property=\"og:type\" content=\"article\" \/>\n<meta property=\"og:title\" content=\"Bianca, Responsable Grands Comptes | Verescence\" \/>\n<meta property=\"og:description\" content=\"Bianca, Responsable Grands Comptes chez Verescence, g\u00e8re les relations avec les clients de l&#039;industrie parfumerie-cosm\u00e9tique, en apportant des solutions sur mesure pour contribuer \u00e0 leur succ\u00e8s.\" \/>\n<meta property=\"og:url\" content=\"https:\/\/verescence.com\/fr\/key-account-manager\/\" \/>\n<meta property=\"og:site_name\" content=\"Verescence\" \/>\n<meta property=\"article:modified_time\" content=\"2025-03-04T17:22:11+00:00\" \/>\n<meta name=\"twitter:card\" content=\"summary_large_image\" \/>\n<script type=\"application\/ld+json\" class=\"yoast-schema-graph\">{\"@context\":\"https:\/\/schema.org\",\"@graph\":[{\"@type\":\"WebPage\",\"@id\":\"https:\/\/verescence.com\/fr\/key-account-manager\/\",\"url\":\"https:\/\/verescence.com\/fr\/key-account-manager\/\",\"name\":\"Bianca, Responsable Grands Comptes | Verescence\",\"isPartOf\":{\"@id\":\"https:\/\/verescence.com\/fr\/#website\"},\"datePublished\":\"2024-12-12T14:32:26+00:00\",\"dateModified\":\"2025-03-04T17:22:11+00:00\",\"description\":\"Bianca, Responsable Grands Comptes chez Verescence, g\u00e8re les relations avec les clients de l'industrie parfumerie-cosm\u00e9tique, en apportant des solutions sur mesure pour contribuer \u00e0 leur succ\u00e8s.\",\"breadcrumb\":{\"@id\":\"https:\/\/verescence.com\/fr\/key-account-manager\/#breadcrumb\"},\"inLanguage\":\"fr-FR\",\"potentialAction\":[{\"@type\":\"ReadAction\",\"target\":[\"https:\/\/verescence.com\/fr\/key-account-manager\/\"]}]},{\"@type\":\"BreadcrumbList\",\"@id\":\"https:\/\/verescence.com\/fr\/key-account-manager\/#breadcrumb\",\"itemListElement\":[{\"@type\":\"ListItem\",\"position\":1,\"name\":\"Accueil\",\"item\":\"https:\/\/www.verescence.com\/fr\/\"},{\"@type\":\"ListItem\",\"position\":2,\"name\":\"Bianca, Responsable Grands Comptes\"}]},{\"@type\":\"WebSite\",\"@id\":\"https:\/\/verescence.com\/fr\/#website\",\"url\":\"https:\/\/verescence.com\/fr\/\",\"name\":\"Verescence\",\"description\":\"Made of glass and passion\",\"potentialAction\":[{\"@type\":\"SearchAction\",\"target\":{\"@type\":\"EntryPoint\",\"urlTemplate\":\"https:\/\/verescence.com\/fr\/?s={search_term_string}\"},\"query-input\":{\"@type\":\"PropertyValueSpecification\",\"valueRequired\":true,\"valueName\":\"search_term_string\"}}],\"inLanguage\":\"fr-FR\"}]}<\/script>\n<!-- \/ Yoast SEO plugin. -->","yoast_head_json":{"title":"Bianca, Responsable Grands Comptes | Verescence","description":"Bianca, Responsable Grands Comptes chez Verescence, g\u00e8re les relations avec les clients de l'industrie parfumerie-cosm\u00e9tique, en apportant des solutions sur mesure pour contribuer \u00e0 leur succ\u00e8s.","robots":{"index":"index","follow":"follow","max-snippet":"max-snippet:-1","max-image-preview":"max-image-preview:large","max-video-preview":"max-video-preview:-1"},"canonical":"https:\/\/verescence.com\/fr\/key-account-manager\/","og_locale":"fr_FR","og_type":"article","og_title":"Bianca, Responsable Grands Comptes | Verescence","og_description":"Bianca, Responsable Grands Comptes chez Verescence, g\u00e8re les relations avec les clients de l'industrie parfumerie-cosm\u00e9tique, en apportant des solutions sur mesure pour contribuer \u00e0 leur succ\u00e8s.","og_url":"https:\/\/verescence.com\/fr\/key-account-manager\/","og_site_name":"Verescence","article_modified_time":"2025-03-04T17:22:11+00:00","twitter_card":"summary_large_image","schema":{"@context":"https:\/\/schema.org","@graph":[{"@type":"WebPage","@id":"https:\/\/verescence.com\/fr\/key-account-manager\/","url":"https:\/\/verescence.com\/fr\/key-account-manager\/","name":"Bianca, Responsable Grands Comptes | Verescence","isPartOf":{"@id":"https:\/\/verescence.com\/fr\/#website"},"datePublished":"2024-12-12T14:32:26+00:00","dateModified":"2025-03-04T17:22:11+00:00","description":"Bianca, Responsable Grands Comptes chez Verescence, g\u00e8re les relations avec les clients de l'industrie parfumerie-cosm\u00e9tique, en apportant des solutions sur mesure pour contribuer \u00e0 leur succ\u00e8s.","breadcrumb":{"@id":"https:\/\/verescence.com\/fr\/key-account-manager\/#breadcrumb"},"inLanguage":"fr-FR","potentialAction":[{"@type":"ReadAction","target":["https:\/\/verescence.com\/fr\/key-account-manager\/"]}]},{"@type":"BreadcrumbList","@id":"https:\/\/verescence.com\/fr\/key-account-manager\/#breadcrumb","itemListElement":[{"@type":"ListItem","position":1,"name":"Accueil","item":"https:\/\/www.verescence.com\/fr\/"},{"@type":"ListItem","position":2,"name":"Bianca, Responsable Grands Comptes"}]},{"@type":"WebSite","@id":"https:\/\/verescence.com\/fr\/#website","url":"https:\/\/verescence.com\/fr\/","name":"Verescence","description":"Made of glass and passion","potentialAction":[{"@type":"SearchAction","target":{"@type":"EntryPoint","urlTemplate":"https:\/\/verescence.com\/fr\/?s={search_term_string}"},"query-input":{"@type":"PropertyValueSpecification","valueRequired":true,"valueName":"search_term_string"}}],"inLanguage":"fr-FR"}]}},"_links":{"self":[{"href":"https:\/\/verescence.com\/fr\/wp-json\/wp\/v2\/pages\/4467","targetHints":{"allow":["GET"]}}],"collection":[{"href":"https:\/\/verescence.com\/fr\/wp-json\/wp\/v2\/pages"}],"about":[{"href":"https:\/\/verescence.com\/fr\/wp-json\/wp\/v2\/types\/page"}],"author":[{"embeddable":true,"href":"https:\/\/verescence.com\/fr\/wp-json\/wp\/v2\/users\/7"}],"replies":[{"embeddable":true,"href":"https:\/\/verescence.com\/fr\/wp-json\/wp\/v2\/comments?post=4467"}],"version-history":[{"count":8,"href":"https:\/\/verescence.com\/fr\/wp-json\/wp\/v2\/pages\/4467\/revisions"}],"predecessor-version":[{"id":4558,"href":"https:\/\/verescence.com\/fr\/wp-json\/wp\/v2\/pages\/4467\/revisions\/4558"}],"wp:attachment":[{"href":"https:\/\/verescence.com\/fr\/wp-json\/wp\/v2\/media?parent=4467"}],"curies":[{"name":"wp","href":"https:\/\/api.w.org\/{rel}","templated":true}]}}