{"id":686,"date":"2024-07-10T16:12:58","date_gmt":"2024-07-10T14:12:58","guid":{"rendered":"https:\/\/verescence.preprod8.lonsdale.fr\/?page_id=686"},"modified":"2025-07-04T11:48:12","modified_gmt":"2025-07-04T09:48:12","slug":"expertises","status":"publish","type":"page","link":"https:\/\/verescence.com\/fr\/expertises\/","title":{"rendered":"Nos expertises"},"content":{"rendered":"","protected":false},"excerpt":{"rendered":"","protected":false},"author":1,"featured_media":0,"parent":0,"menu_order":0,"comment_status":"closed","ping_status":"closed","template":"","meta":{"_acf_changed":false},"class_list":["post-686","page","type-page","status-publish","hentry"],"acf":[],"yoast_head":"<!-- This site is optimized with the Yoast SEO plugin v27.2 - https:\/\/yoast.com\/product\/yoast-seo-wordpress\/ -->\n<title>Nos expertises | Verescence<\/title>\n<meta name=\"description\" content=\"D\u00e9couvrez notre savoir-faire verrier pour le flaconnage de luxe et nos techniques de parach\u00e8vement in\u00e9dites sur le march\u00e9.\" \/>\n<meta name=\"robots\" content=\"index, follow, max-snippet:-1, max-image-preview:large, max-video-preview:-1\" \/>\n<link rel=\"canonical\" href=\"https:\/\/verescence.com\/fr\/expertises\/\" \/>\n<meta property=\"og:locale\" content=\"fr_FR\" \/>\n<meta property=\"og:type\" content=\"article\" \/>\n<meta property=\"og:title\" content=\"Nos expertises | Verescence\" \/>\n<meta property=\"og:description\" content=\"D\u00e9couvrez notre savoir-faire verrier pour le flaconnage de luxe et nos techniques de parach\u00e8vement in\u00e9dites sur le march\u00e9.\" \/>\n<meta property=\"og:url\" content=\"https:\/\/verescence.com\/fr\/expertises\/\" \/>\n<meta property=\"og:site_name\" content=\"Verescence\" \/>\n<meta property=\"article:modified_time\" content=\"2025-07-04T09:48:12+00:00\" \/>\n<meta name=\"twitter:card\" content=\"summary_large_image\" \/>\n<script type=\"application\/ld+json\" class=\"yoast-schema-graph\">{\"@context\":\"https:\/\/schema.org\",\"@graph\":[{\"@type\":\"WebPage\",\"@id\":\"https:\/\/verescence.com\/fr\/expertises\/\",\"url\":\"https:\/\/verescence.com\/fr\/expertises\/\",\"name\":\"Nos expertises | Verescence\",\"isPartOf\":{\"@id\":\"https:\/\/verescence.com\/fr\/#website\"},\"datePublished\":\"2024-07-10T14:12:58+00:00\",\"dateModified\":\"2025-07-04T09:48:12+00:00\",\"description\":\"D\u00e9couvrez notre savoir-faire verrier pour le flaconnage de luxe et nos techniques de parach\u00e8vement in\u00e9dites sur le march\u00e9.\",\"breadcrumb\":{\"@id\":\"https:\/\/verescence.com\/fr\/expertises\/#breadcrumb\"},\"inLanguage\":\"fr-FR\",\"potentialAction\":[{\"@type\":\"ReadAction\",\"target\":[\"https:\/\/verescence.com\/fr\/expertises\/\"]}]},{\"@type\":\"BreadcrumbList\",\"@id\":\"https:\/\/verescence.com\/fr\/expertises\/#breadcrumb\",\"itemListElement\":[{\"@type\":\"ListItem\",\"position\":1,\"name\":\"Accueil\",\"item\":\"https:\/\/verescence.com\/fr\/\"},{\"@type\":\"ListItem\",\"position\":2,\"name\":\"Nos expertises\"}]},{\"@type\":\"WebSite\",\"@id\":\"https:\/\/verescence.com\/fr\/#website\",\"url\":\"https:\/\/verescence.com\/fr\/\",\"name\":\"Verescence\",\"description\":\"Made of glass and passion\",\"potentialAction\":[{\"@type\":\"SearchAction\",\"target\":{\"@type\":\"EntryPoint\",\"urlTemplate\":\"https:\/\/verescence.com\/fr\/?s={search_term_string}\"},\"query-input\":{\"@type\":\"PropertyValueSpecification\",\"valueRequired\":true,\"valueName\":\"search_term_string\"}}],\"inLanguage\":\"fr-FR\"}]}<\/script>\n<!-- \/ Yoast SEO plugin. -->","yoast_head_json":{"title":"Nos expertises | Verescence","description":"D\u00e9couvrez notre savoir-faire verrier pour le flaconnage de luxe et nos techniques de parach\u00e8vement in\u00e9dites sur le march\u00e9.","robots":{"index":"index","follow":"follow","max-snippet":"max-snippet:-1","max-image-preview":"max-image-preview:large","max-video-preview":"max-video-preview:-1"},"canonical":"https:\/\/verescence.com\/fr\/expertises\/","og_locale":"fr_FR","og_type":"article","og_title":"Nos expertises | Verescence","og_description":"D\u00e9couvrez notre savoir-faire verrier pour le flaconnage de luxe et nos techniques de parach\u00e8vement in\u00e9dites sur le march\u00e9.","og_url":"https:\/\/verescence.com\/fr\/expertises\/","og_site_name":"Verescence","article_modified_time":"2025-07-04T09:48:12+00:00","twitter_card":"summary_large_image","schema":{"@context":"https:\/\/schema.org","@graph":[{"@type":"WebPage","@id":"https:\/\/verescence.com\/fr\/expertises\/","url":"https:\/\/verescence.com\/fr\/expertises\/","name":"Nos expertises | Verescence","isPartOf":{"@id":"https:\/\/verescence.com\/fr\/#website"},"datePublished":"2024-07-10T14:12:58+00:00","dateModified":"2025-07-04T09:48:12+00:00","description":"D\u00e9couvrez notre savoir-faire verrier pour le flaconnage de luxe et nos techniques de parach\u00e8vement in\u00e9dites sur le march\u00e9.","breadcrumb":{"@id":"https:\/\/verescence.com\/fr\/expertises\/#breadcrumb"},"inLanguage":"fr-FR","potentialAction":[{"@type":"ReadAction","target":["https:\/\/verescence.com\/fr\/expertises\/"]}]},{"@type":"BreadcrumbList","@id":"https:\/\/verescence.com\/fr\/expertises\/#breadcrumb","itemListElement":[{"@type":"ListItem","position":1,"name":"Accueil","item":"https:\/\/verescence.com\/fr\/"},{"@type":"ListItem","position":2,"name":"Nos expertises"}]},{"@type":"WebSite","@id":"https:\/\/verescence.com\/fr\/#website","url":"https:\/\/verescence.com\/fr\/","name":"Verescence","description":"Made of glass and passion","potentialAction":[{"@type":"SearchAction","target":{"@type":"EntryPoint","urlTemplate":"https:\/\/verescence.com\/fr\/?s={search_term_string}"},"query-input":{"@type":"PropertyValueSpecification","valueRequired":true,"valueName":"search_term_string"}}],"inLanguage":"fr-FR"}]}},"_links":{"self":[{"href":"https:\/\/verescence.com\/fr\/wp-json\/wp\/v2\/pages\/686","targetHints":{"allow":["GET"]}}],"collection":[{"href":"https:\/\/verescence.com\/fr\/wp-json\/wp\/v2\/pages"}],"about":[{"href":"https:\/\/verescence.com\/fr\/wp-json\/wp\/v2\/types\/page"}],"author":[{"embeddable":true,"href":"https:\/\/verescence.com\/fr\/wp-json\/wp\/v2\/users\/1"}],"replies":[{"embeddable":true,"href":"https:\/\/verescence.com\/fr\/wp-json\/wp\/v2\/comments?post=686"}],"version-history":[{"count":177,"href":"https:\/\/verescence.com\/fr\/wp-json\/wp\/v2\/pages\/686\/revisions"}],"predecessor-version":[{"id":8434,"href":"https:\/\/verescence.com\/fr\/wp-json\/wp\/v2\/pages\/686\/revisions\/8434"}],"wp:attachment":[{"href":"https:\/\/verescence.com\/fr\/wp-json\/wp\/v2\/media?parent=686"}],"curies":[{"name":"wp","href":"https:\/\/api.w.org\/{rel}","templated":true}]}}