{"id":835,"date":"2024-07-16T10:56:15","date_gmt":"2024-07-16T08:56:15","guid":{"rendered":"https:\/\/verescence.preprod8.lonsdale.fr\/?page_id=835"},"modified":"2026-02-26T11:04:57","modified_gmt":"2026-02-26T10:04:57","slug":"nos-metiers","status":"publish","type":"page","link":"https:\/\/verescence.com\/fr\/nos-metiers\/","title":{"rendered":"Nous rejoindre"},"content":{"rendered":"","protected":false},"excerpt":{"rendered":"","protected":false},"author":1,"featured_media":0,"parent":0,"menu_order":0,"comment_status":"closed","ping_status":"closed","template":"","meta":{"_acf_changed":false},"class_list":["post-835","page","type-page","status-publish","hentry"],"acf":[],"yoast_head":"<!-- This site is optimized with the Yoast SEO plugin v27.2 - https:\/\/yoast.com\/product\/yoast-seo-wordpress\/ -->\n<title>Nous rejoindre | Verescence<\/title>\n<meta name=\"description\" content=\"La passion du verre f\u00e9d\u00e8re nos \u00e9quipes. D\u00e9couvrez nos m\u00e9tiers et opportunit\u00e9s de carri\u00e8re au sein du leader mondial du flaconnage de luxe.\" \/>\n<meta name=\"robots\" content=\"index, follow, max-snippet:-1, max-image-preview:large, max-video-preview:-1\" \/>\n<link rel=\"canonical\" href=\"https:\/\/verescence.com\/fr\/nos-metiers\/\" \/>\n<meta property=\"og:locale\" content=\"fr_FR\" \/>\n<meta property=\"og:type\" content=\"article\" \/>\n<meta property=\"og:title\" content=\"Nous rejoindre | Verescence\" \/>\n<meta property=\"og:description\" content=\"La passion du verre f\u00e9d\u00e8re nos \u00e9quipes. D\u00e9couvrez nos m\u00e9tiers et opportunit\u00e9s de carri\u00e8re au sein du leader mondial du flaconnage de luxe.\" \/>\n<meta property=\"og:url\" content=\"https:\/\/verescence.com\/fr\/nos-metiers\/\" \/>\n<meta property=\"og:site_name\" content=\"Verescence\" \/>\n<meta property=\"article:modified_time\" content=\"2026-02-26T10:04:57+00:00\" \/>\n<meta name=\"twitter:card\" content=\"summary_large_image\" \/>\n<script type=\"application\/ld+json\" class=\"yoast-schema-graph\">{\"@context\":\"https:\/\/schema.org\",\"@graph\":[{\"@type\":\"WebPage\",\"@id\":\"https:\/\/verescence.com\/fr\/nos-metiers\/\",\"url\":\"https:\/\/verescence.com\/fr\/nos-metiers\/\",\"name\":\"Nous rejoindre | Verescence\",\"isPartOf\":{\"@id\":\"https:\/\/verescence.com\/fr\/#website\"},\"datePublished\":\"2024-07-16T08:56:15+00:00\",\"dateModified\":\"2026-02-26T10:04:57+00:00\",\"description\":\"La passion du verre f\u00e9d\u00e8re nos \u00e9quipes. D\u00e9couvrez nos m\u00e9tiers et opportunit\u00e9s de carri\u00e8re au sein du leader mondial du flaconnage de luxe.\",\"breadcrumb\":{\"@id\":\"https:\/\/verescence.com\/fr\/nos-metiers\/#breadcrumb\"},\"inLanguage\":\"fr-FR\",\"potentialAction\":[{\"@type\":\"ReadAction\",\"target\":[\"https:\/\/verescence.com\/fr\/nos-metiers\/\"]}]},{\"@type\":\"BreadcrumbList\",\"@id\":\"https:\/\/verescence.com\/fr\/nos-metiers\/#breadcrumb\",\"itemListElement\":[{\"@type\":\"ListItem\",\"position\":1,\"name\":\"Accueil\",\"item\":\"https:\/\/www.verescence.com\/fr\/\"},{\"@type\":\"ListItem\",\"position\":2,\"name\":\"Nous rejoindre\"}]},{\"@type\":\"WebSite\",\"@id\":\"https:\/\/verescence.com\/fr\/#website\",\"url\":\"https:\/\/verescence.com\/fr\/\",\"name\":\"Verescence\",\"description\":\"Made of glass and passion\",\"potentialAction\":[{\"@type\":\"SearchAction\",\"target\":{\"@type\":\"EntryPoint\",\"urlTemplate\":\"https:\/\/verescence.com\/fr\/?s={search_term_string}\"},\"query-input\":{\"@type\":\"PropertyValueSpecification\",\"valueRequired\":true,\"valueName\":\"search_term_string\"}}],\"inLanguage\":\"fr-FR\"}]}<\/script>\n<!-- \/ Yoast SEO plugin. -->","yoast_head_json":{"title":"Nous rejoindre | Verescence","description":"La passion du verre f\u00e9d\u00e8re nos \u00e9quipes. D\u00e9couvrez nos m\u00e9tiers et opportunit\u00e9s de carri\u00e8re au sein du leader mondial du flaconnage de luxe.","robots":{"index":"index","follow":"follow","max-snippet":"max-snippet:-1","max-image-preview":"max-image-preview:large","max-video-preview":"max-video-preview:-1"},"canonical":"https:\/\/verescence.com\/fr\/nos-metiers\/","og_locale":"fr_FR","og_type":"article","og_title":"Nous rejoindre | Verescence","og_description":"La passion du verre f\u00e9d\u00e8re nos \u00e9quipes. D\u00e9couvrez nos m\u00e9tiers et opportunit\u00e9s de carri\u00e8re au sein du leader mondial du flaconnage de luxe.","og_url":"https:\/\/verescence.com\/fr\/nos-metiers\/","og_site_name":"Verescence","article_modified_time":"2026-02-26T10:04:57+00:00","twitter_card":"summary_large_image","schema":{"@context":"https:\/\/schema.org","@graph":[{"@type":"WebPage","@id":"https:\/\/verescence.com\/fr\/nos-metiers\/","url":"https:\/\/verescence.com\/fr\/nos-metiers\/","name":"Nous rejoindre | Verescence","isPartOf":{"@id":"https:\/\/verescence.com\/fr\/#website"},"datePublished":"2024-07-16T08:56:15+00:00","dateModified":"2026-02-26T10:04:57+00:00","description":"La passion du verre f\u00e9d\u00e8re nos \u00e9quipes. D\u00e9couvrez nos m\u00e9tiers et opportunit\u00e9s de carri\u00e8re au sein du leader mondial du flaconnage de luxe.","breadcrumb":{"@id":"https:\/\/verescence.com\/fr\/nos-metiers\/#breadcrumb"},"inLanguage":"fr-FR","potentialAction":[{"@type":"ReadAction","target":["https:\/\/verescence.com\/fr\/nos-metiers\/"]}]},{"@type":"BreadcrumbList","@id":"https:\/\/verescence.com\/fr\/nos-metiers\/#breadcrumb","itemListElement":[{"@type":"ListItem","position":1,"name":"Accueil","item":"https:\/\/www.verescence.com\/fr\/"},{"@type":"ListItem","position":2,"name":"Nous rejoindre"}]},{"@type":"WebSite","@id":"https:\/\/verescence.com\/fr\/#website","url":"https:\/\/verescence.com\/fr\/","name":"Verescence","description":"Made of glass and passion","potentialAction":[{"@type":"SearchAction","target":{"@type":"EntryPoint","urlTemplate":"https:\/\/verescence.com\/fr\/?s={search_term_string}"},"query-input":{"@type":"PropertyValueSpecification","valueRequired":true,"valueName":"search_term_string"}}],"inLanguage":"fr-FR"}]}},"_links":{"self":[{"href":"https:\/\/verescence.com\/fr\/wp-json\/wp\/v2\/pages\/835","targetHints":{"allow":["GET"]}}],"collection":[{"href":"https:\/\/verescence.com\/fr\/wp-json\/wp\/v2\/pages"}],"about":[{"href":"https:\/\/verescence.com\/fr\/wp-json\/wp\/v2\/types\/page"}],"author":[{"embeddable":true,"href":"https:\/\/verescence.com\/fr\/wp-json\/wp\/v2\/users\/1"}],"replies":[{"embeddable":true,"href":"https:\/\/verescence.com\/fr\/wp-json\/wp\/v2\/comments?post=835"}],"version-history":[{"count":113,"href":"https:\/\/verescence.com\/fr\/wp-json\/wp\/v2\/pages\/835\/revisions"}],"predecessor-version":[{"id":10070,"href":"https:\/\/verescence.com\/fr\/wp-json\/wp\/v2\/pages\/835\/revisions\/10070"}],"wp:attachment":[{"href":"https:\/\/verescence.com\/fr\/wp-json\/wp\/v2\/media?parent=835"}],"curies":[{"name":"wp","href":"https:\/\/api.w.org\/{rel}","templated":true}]}}